{"id":38,"date":"2025-02-10T18:20:31","date_gmt":"2025-02-10T17:20:31","guid":{"rendered":"https:\/\/benetille.com\/?page_id=38"},"modified":"2025-02-10T18:33:00","modified_gmt":"2025-02-10T17:33:00","slug":"nous-contacter","status":"publish","type":"page","link":"https:\/\/benetille.com\/index.php\/nous-contacter\/","title":{"rendered":"Contactez votre artisan constructeur bois sur le Bassin d\u2019Arcachon"},"content":{"rendered":"\n<p>Vous avez un projet de construction bois et souhaitez \u00e9changer avec un expert ? <br><br><strong>Que ce soit pour une extension, une sur\u00e9l\u00e9vation, un cabanon, un bardage ou une charpente, nous vous accompagnons de l&rsquo;id\u00e9e \u00e0 la r\u00e9alisation<\/strong>.<br><br>Contactez-nous directement sur benoit@benetille.fr<\/p>\n","protected":false},"excerpt":{"rendered":"<p>Vous avez un projet de construction bois et souhaitez \u00e9changer avec un expert ? Que ce soit pour une extension, une sur\u00e9l\u00e9vation, un cabanon, un bardage ou une charpente, nous vous accompagnons de l&rsquo;id\u00e9e \u00e0 la r\u00e9alisation. Contactez-nous directement sur benoit@benetille.fr<\/p>\n","protected":false},"author":1,"featured_media":0,"parent":0,"menu_order":0,"comment_status":"closed","ping_status":"closed","template":"","meta":{"footnotes":""},"class_list":["post-38","page","type-page","status-publish","hentry"],"_links":{"self":[{"href":"https:\/\/benetille.com\/index.php\/wp-json\/wp\/v2\/pages\/38","targetHints":{"allow":["GET"]}}],"collection":[{"href":"https:\/\/benetille.com\/index.php\/wp-json\/wp\/v2\/pages"}],"about":[{"href":"https:\/\/benetille.com\/index.php\/wp-json\/wp\/v2\/types\/page"}],"author":[{"embeddable":true,"href":"https:\/\/benetille.com\/index.php\/wp-json\/wp\/v2\/users\/1"}],"replies":[{"embeddable":true,"href":"https:\/\/benetille.com\/index.php\/wp-json\/wp\/v2\/comments?post=38"}],"version-history":[{"count":3,"href":"https:\/\/benetille.com\/index.php\/wp-json\/wp\/v2\/pages\/38\/revisions"}],"predecessor-version":[{"id":74,"href":"https:\/\/benetille.com\/index.php\/wp-json\/wp\/v2\/pages\/38\/revisions\/74"}],"wp:attachment":[{"href":"https:\/\/benetille.com\/index.php\/wp-json\/wp\/v2\/media?parent=38"}],"curies":[{"name":"wp","href":"https:\/\/api.w.org\/{rel}","templated":true}]}}